{"id":49,"date":"2025-11-04T11:41:20","date_gmt":"2025-11-04T11:41:20","guid":{"rendered":"http:\/\/www.huippualat.fi\/?page_id=49"},"modified":"2025-11-07T05:44:38","modified_gmt":"2025-11-07T05:44:38","slug":"on-tarkeaa-valita-oikea-ala","status":"publish","type":"page","link":"http:\/\/www.huippualat.fi\/index.php\/on-tarkeaa-valita-oikea-ala\/","title":{"rendered":"MITEN VALITA OIKEA ALA?"},"content":{"rendered":"\n<p><\/p>\n\n\n\n<p>Olen Eeva Rusanen,<strong> Miten saan kovapalkkaisen ty\u00f6n ja ty\u00f6llistyn varmasti<\/strong>&#8211; teoksen toinen kirjoittaja. Kirjoittamalla t\u00e4m\u00e4n oppaan p\u00e4\u00e4timme Aki Hankalan kanssa t\u00e4ytt\u00e4\u00e4 sen ammottavan aukon, joka vallitsi  urasuunnittelua ja ammatinvalintaa koskevassa kirjallisuudessa. Halusimme tehd\u00e4 uraoppaan, joka tarjoaa hy\u00f6dyllist\u00e4 tietoa ja konkreettista apua opiskelijoille, opintoja pohtiville ja alan vaihtajille.<\/p>\n\n\n\n<div class=\"wp-block-uagb-image uagb-block-a43b089e wp-block-uagb-image--layout-default wp-block-uagb-image--effect-static wp-block-uagb-image--align-none\"><figure class=\"wp-block-uagb-image__figure\"><img decoding=\"async\" srcset=\"http:\/\/www.huippualat.fi\/wp-content\/uploads\/2025\/11\/20250818_124842-768x1024.jpg ,http:\/\/www.huippualat.fi\/wp-content\/uploads\/2025\/11\/20250818_124842-scaled.jpg 780w, http:\/\/www.huippualat.fi\/wp-content\/uploads\/2025\/11\/20250818_124842-scaled.jpg 360w\" sizes=\"auto, (max-width: 480px) 150px\" src=\"http:\/\/www.huippualat.fi\/wp-content\/uploads\/2025\/11\/20250818_124842-768x1024.jpg\" alt=\"\" class=\"uag-image-54\" width=\"512\" height=\"512\" title=\"20250818_124842\" loading=\"lazy\" role=\"img\"\/><\/figure><\/div>\n\n\n\n<p><\/p>\n\n\n\n<p><\/p>\n\n\n\n<div class=\"wp-block-uagb-image uagb-block-d46aa392 wp-block-uagb-image--layout-default wp-block-uagb-image--effect-static wp-block-uagb-image--align-none\"><figure class=\"wp-block-uagb-image__figure\"><img decoding=\"async\" srcset=\"http:\/\/www.huippualat.fi\/wp-content\/uploads\/2025\/10\/Nimeton-malli-6.png ,http:\/\/www.huippualat.fi\/wp-content\/uploads\/2025\/10\/Nimeton-malli-6.png 780w, http:\/\/www.huippualat.fi\/wp-content\/uploads\/2025\/10\/Nimeton-malli-6.png 360w\" sizes=\"auto, (max-width: 480px) 150px\" src=\"http:\/\/www.huippualat.fi\/wp-content\/uploads\/2025\/10\/Nimeton-malli-6.png\" alt=\"\" class=\"uag-image-50\" width=\"400\" height=\"400\" title=\"Alat, joilla ansaitset\" loading=\"lazy\" role=\"img\"\/><\/figure><\/div>\n\n\n\n<p><\/p>\n\n\n\n<p>Ainulaatuinen uraopas niille, jotka etsiv\u00e4t kovapalkkaisia t\u00f6it\u00e4 ja varmaa ty\u00f6llistymist\u00e4. Mit\u00e4 aloja kannattaa opiskella juuri nyt, kun teknologiamurros ja el\u00e4k\u00f6itymisbuumi avaavat huikeita uramahdollisuuksia. Sinulle esitell\u00e4\u00e4n huippualoja ammattikoulusta, ammattikorkeakoulusta ja yliopistosta. Tiesitk\u00f6, ett\u00e4 parhaiten palkattuja aloja on helpointa p\u00e4\u00e4st\u00e4 opiskelemaan. Koska tutkinnon avulla hankittu tieto ja asiantuntijuus ei yksin riit\u00e4 ty\u00f6el\u00e4m\u00e4ss\u00e4 menestymiseen, sinulle kerrotaan, mit\u00e4 muita taitoja tarvitset ja miten niit\u00e4 voit kehitt\u00e4\u00e4. T\u00e4m\u00e4 teos on t\u00e4ynn\u00e4 t\u00e4rkeit\u00e4 k\u00e4yt\u00e4nn\u00f6n neuvoja urasuunnittelijalle. Ehdoton must jokaiselle nuorelle ja jokaiselle alan vaihtajalle. Voit tilata sen T\u00c4\u00c4LT\u00c4:  <a href=\"https:\/\/www.adlibris.com\/fi\/kirja\/miten-saan-kovapalkkaisen-tyon-ja-tyollistyn-varmasti-9789528097167\">https:\/\/www.adlibris.com\/fi\/kirja\/miten-saan-kovapalkkaisen-tyon-ja-tyollistyn-varmasti-9789528097167<\/a><\/p>\n\n\n\n<p><\/p>\n\n\n\n<p class=\"has-ast-global-color-8-color has-text-color has-link-color wp-elements-2e8e75da4579015b1aa42c35569cdd09\"><strong>Miten keksin puheenaiheita?<\/strong><\/p>\n\n\n\n<div class=\"wp-block-uagb-image uagb-block-6d10c40c wp-block-uagb-image--layout-default wp-block-uagb-image--effect-static wp-block-uagb-image--align-none\"><figure class=\"wp-block-uagb-image__figure\"><img decoding=\"async\" srcset=\"http:\/\/www.huippualat.fi\/wp-content\/uploads\/2025\/11\/ajattelun-1-722x1024.png ,http:\/\/www.huippualat.fi\/wp-content\/uploads\/2025\/11\/ajattelun-1.png 780w, http:\/\/www.huippualat.fi\/wp-content\/uploads\/2025\/11\/ajattelun-1.png 360w\" sizes=\"auto, (max-width: 480px) 150px\" src=\"http:\/\/www.huippualat.fi\/wp-content\/uploads\/2025\/11\/ajattelun-1-722x1024.png\" alt=\"\" class=\"uag-image-63\" width=\"722\" height=\"1024\" title=\"ajattelun (1)\" loading=\"lazy\" role=\"img\"\/><\/figure><\/div>\n\n\n\n<p><\/p>\n\n\n\n<p>&#8221;Melkein kaikilla on voimaa kest\u00e4\u00e4 vastoink\u00e4ymisi\u00e4, mutta jos haluat testata ihmisen luonteen, anna h\u00e4nelle valtaa&#8221; totesi Abraham Lincoln 1800-luvulla. T\u00e4n\u00e4\u00e4nkin n\u00e4emme t\u00e4m\u00e4n luonnetekij\u00e4n vaikutukset jopa maailman politiikkaan. T\u00e4h\u00e4n teokseen on koottu ajatuksia, oivalluksia ja viisauksia, joita maailman merkitt\u00e4vimm\u00e4t ajattelijat, johtajat, tutkijat ja luovat nerot ovat j\u00e4tt\u00e4neet j\u00e4lkipolville. T\u00e4m\u00e4 kokoelma voi toimia rohkaisuna, inspiraationa ja pohdinnan l\u00e4hteen\u00e4 niille, jotka etsiv\u00e4t merkityst\u00e4 ja suuntaa el\u00e4m\u00e4\u00e4ns\u00e4.<\/p>\n\n\n\n<p>Voit tilata t\u00e4m\u00e4n <strong>Ajattelun voima-<\/strong>teoksen T\u00c4\u00c4LT\u00c4: <a href=\"https:\/\/www.adlibris.com\/fi\/kirja\/ajattelun-voima-suurten-ajattelijoiden-unohtumattomia-lauseita-9789528028413\">https:\/\/www.adlibris.com\/fi\/kirja\/ajattelun-voima-suurten-ajattelijoiden-unohtumattomia-lauseita-9789528028413<\/a><\/p>\n","protected":false},"excerpt":{"rendered":"<p>Olen Eeva Rusanen, Miten saan kovapalkkaisen ty\u00f6n ja ty\u00f6llistyn varmasti&#8211; teoksen toinen kirjoittaja. Kirjoittamalla t\u00e4m\u00e4n oppaan p\u00e4\u00e4timme Aki Hankalan kanssa [&hellip;]<\/p>\n","protected":false},"author":1,"featured_media":45,"parent":0,"menu_order":0,"comment_status":"closed","ping_status":"closed","template":"","meta":{"_uag_custom_page_level_css":"","site-sidebar-layout":"default","site-content-layout":"","ast-site-content-layout":"default","site-content-style":"default","site-sidebar-style":"default","ast-global-header-display":"","ast-banner-title-visibility":"","ast-main-header-display":"","ast-hfb-above-header-display":"","ast-hfb-below-header-display":"","ast-hfb-mobile-header-display":"","site-post-title":"","ast-breadcrumbs-content":"","ast-featured-img":"","footer-sml-layout":"","ast-disable-related-posts":"","theme-transparent-header-meta":"","adv-header-id-meta":"","stick-header-meta":"","header-above-stick-meta":"","header-main-stick-meta":"","header-below-stick-meta":"","astra-migrate-meta-layouts":"default","ast-page-background-enabled":"default","ast-page-background-meta":{"desktop":{"background-color":"var(--ast-global-color-5)","background-image":"","background-repeat":"repeat","background-position":"center center","background-size":"auto","background-attachment":"scroll","background-type":"","background-media":"","overlay-type":"","overlay-color":"","overlay-opacity":"","overlay-gradient":""},"tablet":{"background-color":"","background-image":"","background-repeat":"repeat","background-position":"center center","background-size":"auto","background-attachment":"scroll","background-type":"","background-media":"","overlay-type":"","overlay-color":"","overlay-opacity":"","overlay-gradient":""},"mobile":{"background-color":"","background-image":"","background-repeat":"repeat","background-position":"center center","background-size":"auto","background-attachment":"scroll","background-type":"","background-media":"","overlay-type":"","overlay-color":"","overlay-opacity":"","overlay-gradient":""}},"ast-content-background-meta":{"desktop":{"background-color":"var(--ast-global-color-4)","background-image":"","background-repeat":"repeat","background-position":"center center","background-size":"auto","background-attachment":"scroll","background-type":"","background-media":"","overlay-type":"","overlay-color":"","overlay-opacity":"","overlay-gradient":""},"tablet":{"background-color":"var(--ast-global-color-4)","background-image":"","background-repeat":"repeat","background-position":"center center","background-size":"auto","background-attachment":"scroll","background-type":"","background-media":"","overlay-type":"","overlay-color":"","overlay-opacity":"","overlay-gradient":""},"mobile":{"background-color":"var(--ast-global-color-4)","background-image":"","background-repeat":"repeat","background-position":"center center","background-size":"auto","background-attachment":"scroll","background-type":"","background-media":"","overlay-type":"","overlay-color":"","overlay-opacity":"","overlay-gradient":""}},"footnotes":""},"class_list":["post-49","page","type-page","status-publish","has-post-thumbnail","hentry"],"uagb_featured_image_src":{"full":["http:\/\/www.huippualat.fi\/wp-content\/uploads\/2025\/10\/Nimeton-malli-7-1.png",512,512,false],"thumbnail":["http:\/\/www.huippualat.fi\/wp-content\/uploads\/2025\/10\/Nimeton-malli-7-1-150x150.png",150,150,true],"medium":["http:\/\/www.huippualat.fi\/wp-content\/uploads\/2025\/10\/Nimeton-malli-7-1-300x300.png",300,300,true],"medium_large":["http:\/\/www.huippualat.fi\/wp-content\/uploads\/2025\/10\/Nimeton-malli-7-1.png",512,512,false],"large":["http:\/\/www.huippualat.fi\/wp-content\/uploads\/2025\/10\/Nimeton-malli-7-1.png",512,512,false],"1536x1536":["http:\/\/www.huippualat.fi\/wp-content\/uploads\/2025\/10\/Nimeton-malli-7-1.png",512,512,false],"2048x2048":["http:\/\/www.huippualat.fi\/wp-content\/uploads\/2025\/10\/Nimeton-malli-7-1.png",512,512,false]},"uagb_author_info":{"display_name":"admin","author_link":"http:\/\/www.huippualat.fi\/index.php\/author\/admin\/"},"uagb_comment_info":0,"uagb_excerpt":"Olen Eeva Rusanen, Miten saan kovapalkkaisen ty\u00f6n ja ty\u00f6llistyn varmasti&#8211; teoksen toinen kirjoittaja. Kirjoittamalla t\u00e4m\u00e4n oppaan p\u00e4\u00e4timme Aki Hankalan kanssa [&hellip;]","_links":{"self":[{"href":"http:\/\/www.huippualat.fi\/index.php\/wp-json\/wp\/v2\/pages\/49","targetHints":{"allow":["GET"]}}],"collection":[{"href":"http:\/\/www.huippualat.fi\/index.php\/wp-json\/wp\/v2\/pages"}],"about":[{"href":"http:\/\/www.huippualat.fi\/index.php\/wp-json\/wp\/v2\/types\/page"}],"author":[{"embeddable":true,"href":"http:\/\/www.huippualat.fi\/index.php\/wp-json\/wp\/v2\/users\/1"}],"replies":[{"embeddable":true,"href":"http:\/\/www.huippualat.fi\/index.php\/wp-json\/wp\/v2\/comments?post=49"}],"version-history":[{"count":10,"href":"http:\/\/www.huippualat.fi\/index.php\/wp-json\/wp\/v2\/pages\/49\/revisions"}],"predecessor-version":[{"id":71,"href":"http:\/\/www.huippualat.fi\/index.php\/wp-json\/wp\/v2\/pages\/49\/revisions\/71"}],"wp:featuredmedia":[{"embeddable":true,"href":"http:\/\/www.huippualat.fi\/index.php\/wp-json\/wp\/v2\/media\/45"}],"wp:attachment":[{"href":"http:\/\/www.huippualat.fi\/index.php\/wp-json\/wp\/v2\/media?parent=49"}],"curies":[{"name":"wp","href":"https:\/\/api.w.org\/{rel}","templated":true}]}}